{"id":5879,"date":"2019-11-25T09:48:07","date_gmt":"2019-11-25T12:48:07","guid":{"rendered":"https:\/\/themes.themegoods.com\/avante\/?page_id=5879"},"modified":"2024-07-05T11:46:58","modified_gmt":"2024-07-05T14:46:58","slug":"fale-conosco","status":"publish","type":"page","link":"https:\/\/www.ez4.com.br\/pt_br\/fale-conosco\/","title":{"rendered":"Fale conosco"},"content":{"rendered":"\t\t<div data-elementor-type=\"wp-page\" data-elementor-id=\"5879\" class=\"elementor elementor-5879\">\n\t\t\t\t\t\t<section class=\"elementor-section elementor-top-section elementor-element elementor-element-172e078 elementor-section-stretched elementor-section-height-min-height elementor-section-boxed elementor-section-height-default elementor-section-items-middle\" data-id=\"172e078\" data-element_type=\"section\" data-settings=\"{&quot;stretch_section&quot;:&quot;section-stretched&quot;,&quot;background_background&quot;:&quot;classic&quot;,&quot;shape_divider_bottom&quot;:&quot;curve&quot;,&quot;shape_divider_bottom_negative&quot;:&quot;yes&quot;}\">\n\t\t\t\t\t<div class=\"elementor-shape elementor-shape-bottom\" data-negative=\"true\">\n\t\t\t<svg xmlns=\"http:\/\/www.w3.org\/2000\/svg\" viewBox=\"0 0 1000 100\" preserveAspectRatio=\"none\">\n\t<path class=\"elementor-shape-fill\" d=\"M500,97C126.7,96.3,0.8,19.8,0,0v100l1000,0V1C1000,19.4,873.3,97.8,500,97z\"\/>\n<\/svg>\t\t<\/div>\n\t\t\t\t\t<div class=\"elementor-container elementor-column-gap-default\">\n\t\t\t\t\t<div class=\"elementor-column elementor-col-100 elementor-top-column elementor-element elementor-element-05f8f5e\" data-id=\"05f8f5e\" data-element_type=\"column\" data-settings=\"{&quot;avante_ext_is_scrollme&quot;:&quot;false&quot;,&quot;avante_ext_is_smoove&quot;:&quot;false&quot;,&quot;avante_ext_is_parallax_mouse&quot;:&quot;false&quot;,&quot;avante_ext_is_infinite&quot;:&quot;false&quot;}\">\n\t\t\t<div class=\"elementor-widget-wrap elementor-element-populated\">\n\t\t\t\t\t\t<div class=\"elementor-element elementor-element-1ec7424 elementor-widget__width-auto elementor-widget-mobile__width-inherit elementor-widget elementor-widget-heading\" data-id=\"1ec7424\" data-element_type=\"widget\" data-settings=\"{&quot;avante_ext_is_smoove&quot;:&quot;true&quot;,&quot;avante_ext_smoove_disable&quot;:&quot;769&quot;,&quot;avante_ext_smoove_duration&quot;:1000,&quot;avante_ext_smoove_rotatex&quot;:{&quot;unit&quot;:&quot;px&quot;,&quot;size&quot;:-90,&quot;sizes&quot;:[]},&quot;avante_ext_smoove_translatey&quot;:{&quot;unit&quot;:&quot;px&quot;,&quot;size&quot;:40,&quot;sizes&quot;:[]},&quot;avante_ext_smoove_translatez&quot;:{&quot;unit&quot;:&quot;px&quot;,&quot;size&quot;:-140,&quot;sizes&quot;:[]},&quot;avante_ext_is_scrollme&quot;:&quot;false&quot;,&quot;avante_ext_smoove_scalex&quot;:{&quot;unit&quot;:&quot;px&quot;,&quot;size&quot;:1,&quot;sizes&quot;:[]},&quot;avante_ext_smoove_scaley&quot;:{&quot;unit&quot;:&quot;px&quot;,&quot;size&quot;:1,&quot;sizes&quot;:[]},&quot;avante_ext_smoove_rotatey&quot;:{&quot;unit&quot;:&quot;px&quot;,&quot;size&quot;:0,&quot;sizes&quot;:[]},&quot;avante_ext_smoove_rotatez&quot;:{&quot;unit&quot;:&quot;px&quot;,&quot;size&quot;:0,&quot;sizes&quot;:[]},&quot;avante_ext_smoove_translatex&quot;:{&quot;unit&quot;:&quot;px&quot;,&quot;size&quot;:0,&quot;sizes&quot;:[]},&quot;avante_ext_smoove_skewx&quot;:{&quot;unit&quot;:&quot;px&quot;,&quot;size&quot;:0,&quot;sizes&quot;:[]},&quot;avante_ext_smoove_skewy&quot;:{&quot;unit&quot;:&quot;px&quot;,&quot;size&quot;:0,&quot;sizes&quot;:[]},&quot;avante_ext_smoove_perspective&quot;:{&quot;unit&quot;:&quot;px&quot;,&quot;size&quot;:1000,&quot;sizes&quot;:[]},&quot;avante_ext_is_parallax_mouse&quot;:&quot;false&quot;,&quot;avante_ext_is_infinite&quot;:&quot;false&quot;}\" data-widget_type=\"heading.default\">\n\t\t\t\t<div class=\"elementor-widget-container\">\n\t\t\t<h1 class=\"elementor-heading-title elementor-size-default\">Fale conosco<\/h1>\t\t<\/div>\n\t\t\t\t<\/div>\n\t\t\t\t\t<\/div>\n\t\t<\/div>\n\t\t\t\t\t<\/div>\n\t\t<\/section>\n\t\t\t\t<section class=\"elementor-section elementor-top-section elementor-element elementor-element-1f181b7 elementor-section-boxed elementor-section-height-default elementor-section-height-default\" data-id=\"1f181b7\" data-element_type=\"section\" data-settings=\"{&quot;background_background&quot;:&quot;gradient&quot;}\">\n\t\t\t\t\t\t\t<div class=\"elementor-background-overlay\"><\/div>\n\t\t\t\t\t\t\t<div class=\"elementor-container elementor-column-gap-default\">\n\t\t\t\t\t<div class=\"elementor-column elementor-col-100 elementor-top-column elementor-element elementor-element-4d289cf\" data-id=\"4d289cf\" data-element_type=\"column\" data-settings=\"{&quot;avante_ext_is_scrollme&quot;:&quot;false&quot;,&quot;avante_ext_is_smoove&quot;:&quot;false&quot;,&quot;avante_ext_is_parallax_mouse&quot;:&quot;false&quot;,&quot;avante_ext_is_infinite&quot;:&quot;false&quot;}\">\n\t\t\t<div class=\"elementor-widget-wrap\">\n\t\t\t\t\t\t\t<\/div>\n\t\t<\/div>\n\t\t\t\t\t<\/div>\n\t\t<\/section>\n\t\t\t\t<section class=\"elementor-section elementor-top-section elementor-element elementor-element-f3f7a6c elementor-section-boxed elementor-section-height-default elementor-section-height-default\" data-id=\"f3f7a6c\" data-element_type=\"section\">\n\t\t\t\t\t\t\t<div class=\"elementor-background-overlay\"><\/div>\n\t\t\t\t\t\t\t<div class=\"elementor-container elementor-column-gap-default\">\n\t\t\t\t\t<div class=\"elementor-column elementor-col-100 elementor-top-column elementor-element elementor-element-6dd43d6\" data-id=\"6dd43d6\" data-element_type=\"column\" data-settings=\"{&quot;avante_ext_is_scrollme&quot;:&quot;false&quot;,&quot;avante_ext_is_smoove&quot;:&quot;false&quot;,&quot;avante_ext_is_parallax_mouse&quot;:&quot;false&quot;,&quot;avante_ext_is_infinite&quot;:&quot;false&quot;}\">\n\t\t\t<div class=\"elementor-widget-wrap\">\n\t\t\t\t\t\t\t<\/div>\n\t\t<\/div>\n\t\t\t\t\t<\/div>\n\t\t<\/section>\n\t\t\t\t<section class=\"elementor-section elementor-top-section elementor-element elementor-element-6a01242 elementor-section-boxed elementor-section-height-default elementor-section-height-default\" data-id=\"6a01242\" data-element_type=\"section\">\n\t\t\t\t\t\t<div class=\"elementor-container elementor-column-gap-default\">\n\t\t\t\t\t<div class=\"elementor-column elementor-col-100 elementor-top-column elementor-element elementor-element-5c101f9\" data-id=\"5c101f9\" data-element_type=\"column\" data-settings=\"{&quot;avante_ext_is_scrollme&quot;:&quot;false&quot;,&quot;avante_ext_is_smoove&quot;:&quot;false&quot;,&quot;avante_ext_is_parallax_mouse&quot;:&quot;false&quot;,&quot;avante_ext_is_infinite&quot;:&quot;false&quot;}\">\n\t\t\t<div class=\"elementor-widget-wrap elementor-element-populated\">\n\t\t\t\t\t\t<div class=\"elementor-element elementor-element-efb279b elementor-widget elementor-widget-heading\" data-id=\"efb279b\" data-element_type=\"widget\" data-settings=\"{&quot;avante_ext_is_scrollme&quot;:&quot;false&quot;,&quot;avante_ext_is_smoove&quot;:&quot;false&quot;,&quot;avante_ext_is_parallax_mouse&quot;:&quot;false&quot;,&quot;avante_ext_is_infinite&quot;:&quot;false&quot;}\" data-widget_type=\"heading.default\">\n\t\t\t\t<div class=\"elementor-widget-container\">\n\t\t\t<h2 class=\"elementor-heading-title elementor-size-default\">PREENCHA SEUS DADOS ABAIXO E D\u00ca UM PASSO IMPORTANTE PARA<BR> MELHORAR A PERFORMANCE DO SEU NEG\u00d3CIO:<\/h2>\t\t<\/div>\n\t\t\t\t<\/div>\n\t\t\t\t\t<\/div>\n\t\t<\/div>\n\t\t\t\t\t<\/div>\n\t\t<\/section>\n\t\t\t\t<section class=\"elementor-section elementor-top-section elementor-element elementor-element-0ac7bbc elementor-section-boxed elementor-section-height-default elementor-section-height-default\" data-id=\"0ac7bbc\" data-element_type=\"section\">\n\t\t\t\t\t\t<div class=\"elementor-container elementor-column-gap-default\">\n\t\t\t\t\t<div class=\"elementor-column elementor-col-100 elementor-top-column elementor-element elementor-element-b4a6933\" data-id=\"b4a6933\" data-element_type=\"column\" data-settings=\"{&quot;avante_ext_is_scrollme&quot;:&quot;false&quot;,&quot;avante_ext_is_smoove&quot;:&quot;false&quot;,&quot;avante_ext_is_parallax_mouse&quot;:&quot;false&quot;,&quot;avante_ext_is_infinite&quot;:&quot;false&quot;}\">\n\t\t\t<div class=\"elementor-widget-wrap elementor-element-populated\">\n\t\t\t\t\t\t<div class=\"elementor-element elementor-element-f75bf27 elementor-widget elementor-widget-image\" data-id=\"f75bf27\" data-element_type=\"widget\" data-settings=\"{&quot;avante_ext_is_scrollme&quot;:&quot;false&quot;,&quot;avante_ext_is_smoove&quot;:&quot;false&quot;,&quot;avante_ext_is_parallax_mouse&quot;:&quot;false&quot;,&quot;avante_ext_is_infinite&quot;:&quot;false&quot;}\" data-widget_type=\"image.default\">\n\t\t\t\t<div class=\"elementor-widget-container\">\n\t\t\t\t\t\t\t\t\t\t\t\t\t<img decoding=\"async\" width=\"872\" height=\"26\" src=\"https:\/\/www.ez4.com.br\/wp-content\/uploads\/2022\/05\/linha-amarela.png\" class=\"attachment-large size-large wp-image-14603\" alt=\"\" srcset=\"https:\/\/www.ez4.com.br\/wp-content\/uploads\/2022\/05\/linha-amarela.png 872w, https:\/\/www.ez4.com.br\/wp-content\/uploads\/2022\/05\/linha-amarela-300x9.png 300w, https:\/\/www.ez4.com.br\/wp-content\/uploads\/2022\/05\/linha-amarela-768x23.png 768w, https:\/\/www.ez4.com.br\/wp-content\/uploads\/2022\/05\/linha-amarela-440x13.png 440w, https:\/\/www.ez4.com.br\/wp-content\/uploads\/2022\/05\/linha-amarela-150x4.png 150w\" sizes=\"(max-width: 872px) 100vw, 872px\" \/>\t\t\t\t\t\t\t\t\t\t\t\t\t<\/div>\n\t\t\t\t<\/div>\n\t\t\t\t\t<\/div>\n\t\t<\/div>\n\t\t\t\t\t<\/div>\n\t\t<\/section>\n\t\t\t\t<section class=\"elementor-section elementor-top-section elementor-element elementor-element-732d3c4 elementor-section-boxed elementor-section-height-default elementor-section-height-default\" data-id=\"732d3c4\" data-element_type=\"section\">\n\t\t\t\t\t\t<div class=\"elementor-container elementor-column-gap-default\">\n\t\t\t\t\t<div class=\"elementor-column elementor-col-100 elementor-top-column elementor-element elementor-element-9e9f224\" data-id=\"9e9f224\" data-element_type=\"column\" data-settings=\"{&quot;avante_ext_is_scrollme&quot;:&quot;false&quot;,&quot;avante_ext_is_smoove&quot;:&quot;false&quot;,&quot;avante_ext_is_parallax_mouse&quot;:&quot;false&quot;,&quot;avante_ext_is_infinite&quot;:&quot;false&quot;}\">\n\t\t\t<div class=\"elementor-widget-wrap elementor-element-populated\">\n\t\t\t\t\t\t<div class=\"elementor-element elementor-element-ebf93a3 elementor-widget elementor-widget-shortcode\" data-id=\"ebf93a3\" data-element_type=\"widget\" data-settings=\"{&quot;avante_ext_is_scrollme&quot;:&quot;false&quot;,&quot;avante_ext_is_smoove&quot;:&quot;false&quot;,&quot;avante_ext_is_parallax_mouse&quot;:&quot;false&quot;,&quot;avante_ext_is_infinite&quot;:&quot;false&quot;}\" data-widget_type=\"shortcode.default\">\n\t\t\t\t<div class=\"elementor-widget-container\">\n\t\t\t\t\t<div class=\"elementor-shortcode\">\n<div class=\"wpcf7 no-js\" id=\"wpcf7-f6-o1\" lang=\"en-US\" dir=\"ltr\">\n<div class=\"screen-reader-response\"><p role=\"status\" aria-live=\"polite\" aria-atomic=\"true\"><\/p> <ul><\/ul><\/div>\n<form action=\"\/pt_br\/wp-json\/wp\/v2\/pages\/5879#wpcf7-f6-o1\" method=\"post\" class=\"wpcf7-form init\" aria-label=\"Contact form\" novalidate=\"novalidate\" data-status=\"init\">\n<div style=\"display: none;\">\n<input type=\"hidden\" name=\"_wpcf7\" value=\"6\" \/>\n<input type=\"hidden\" name=\"_wpcf7_version\" value=\"5.9.8\" \/>\n<input type=\"hidden\" name=\"_wpcf7_locale\" value=\"en_US\" \/>\n<input type=\"hidden\" name=\"_wpcf7_unit_tag\" value=\"wpcf7-f6-o1\" \/>\n<input type=\"hidden\" name=\"_wpcf7_container_post\" value=\"0\" \/>\n<input type=\"hidden\" name=\"_wpcf7_posted_data_hash\" value=\"\" \/>\n<input type=\"hidden\" name=\"_wpcf7_recaptcha_response\" value=\"\" \/>\n<\/div>\n<p><label> Seu Nome (obrigat\u00f3rio)<br \/>\n<span class=\"wpcf7-form-control-wrap\" data-name=\"your-name\"><input size=\"40\" maxlength=\"400\" class=\"wpcf7-form-control wpcf7-text wpcf7-validates-as-required\" aria-required=\"true\" aria-invalid=\"false\" value=\"\" type=\"text\" name=\"your-name\" \/><\/span> <\/label>\n<\/p>\n<p><label> Seu E-mail (obrigat\u00f3rio)<br \/>\n<span class=\"wpcf7-form-control-wrap\" data-name=\"your-email\"><input size=\"40\" maxlength=\"400\" class=\"wpcf7-form-control wpcf7-email wpcf7-validates-as-required wpcf7-text wpcf7-validates-as-email\" aria-required=\"true\" aria-invalid=\"false\" value=\"\" type=\"email\" name=\"your-email\" \/><\/span> <\/label>\n<\/p>\n<p><label> Assunto (obrigat\u00f3rio)<br \/>\n<span class=\"wpcf7-form-control-wrap\" data-name=\"your-subject\"><select class=\"wpcf7-form-control wpcf7-select wpcf7-validates-as-required\" aria-required=\"true\" aria-invalid=\"false\" name=\"your-subject\"><option value=\"\"><\/option><option value=\"Quero falar sobre o ERP Protheus\">Quero falar sobre o ERP Protheus<\/option><option value=\"Quero falar sobre o ERP para RH\">Quero falar sobre o ERP para RH<\/option><option value=\"Quero falar sobre o ERP para Sistema Fiscal\">Quero falar sobre o ERP para Sistema Fiscal<\/option><option value=\"Quero falar sobre o ERP para COMEX\">Quero falar sobre o ERP para COMEX<\/option><option value=\"Quero falar sobre o Fluig - plataforma para processos\">Quero falar sobre o Fluig - plataforma para processos<\/option><option value=\"Quero falar sobre implanta\u00e7\u00e3o de E-commerce VTEX\">Quero falar sobre implanta\u00e7\u00e3o de E-commerce VTEX<\/option><option value=\"Quero falar sobre armazenamento em nuvem\">Quero falar sobre armazenamento em nuvem<\/option><option value=\"Quero falar sobre Suporte Totvs\">Quero falar sobre Suporte Totvs<\/option><\/select><\/span><\/label>\n<\/p>\n<p><label> Sua Mensagem<br \/>\n<span class=\"wpcf7-form-control-wrap\" data-name=\"your-message\"><textarea cols=\"40\" rows=\"10\" maxlength=\"2000\" class=\"wpcf7-form-control wpcf7-textarea\" aria-invalid=\"false\" name=\"your-message\"><\/textarea><\/span> <\/label>\n<\/p>\n<p><input class=\"wpcf7-form-control wpcf7-submit has-spinner\" type=\"submit\" value=\"Enviar\" \/>\n<\/p><div class=\"wpcf7-response-output\" aria-hidden=\"true\"><\/div>\n<\/form>\n<\/div>\n<\/div>\n\t\t\t\t<\/div>\n\t\t\t\t<\/div>\n\t\t\t\t\t<\/div>\n\t\t<\/div>\n\t\t\t\t\t<\/div>\n\t\t<\/section>\n\t\t\t\t<\/div>\n\t\t","protected":false},"excerpt":{"rendered":"<p>Fale conosco PREENCHA SEUS DADOS ABAIXO E D\u00ca UM PASSO IMPORTANTE PARA MELHORAR A PERFORMANCE DO SEU NEG\u00d3CIO:<\/p>\n","protected":false},"author":4,"featured_media":0,"parent":0,"menu_order":0,"comment_status":"closed","ping_status":"closed","template":"","meta":{"_monsterinsights_skip_tracking":false,"_monsterinsights_sitenote_active":false,"_monsterinsights_sitenote_note":"","_monsterinsights_sitenote_category":0,"footnotes":""},"yoast_head":"<!-- This site is optimized with the Yoast SEO plugin v23.5 - https:\/\/yoast.com\/wordpress\/plugins\/seo\/ -->\n<title>Fale conosco - BOA Digital<\/title>\n<meta name=\"description\" content=\"Quer melhorar a performance do seu neg\u00f3cio? Ent\u00e3o, fale conosco! Informe seus dados no formul\u00e1rio e d\u00ea o pr\u00f3ximo passo nas suas estrat\u00e9gias.\" \/>\n<meta name=\"robots\" content=\"index, follow, max-snippet:-1, max-image-preview:large, max-video-preview:-1\" \/>\n<link rel=\"canonical\" href=\"https:\/\/www.ez4.com.br\/pt_br\/fale-conosco\/\" \/>\n<meta property=\"og:locale\" content=\"pt_BR\" \/>\n<meta property=\"og:type\" content=\"article\" \/>\n<meta property=\"og:title\" content=\"Fale conosco - BOA Digital\" \/>\n<meta property=\"og:description\" content=\"Quer melhorar a performance do seu neg\u00f3cio? Ent\u00e3o, fale conosco! Informe seus dados no formul\u00e1rio e d\u00ea o pr\u00f3ximo passo nas suas estrat\u00e9gias.\" \/>\n<meta property=\"og:url\" content=\"https:\/\/www.ez4.com.br\/pt_br\/fale-conosco\/\" \/>\n<meta property=\"og:site_name\" content=\"BOA Digital\" \/>\n<meta property=\"article:publisher\" content=\"https:\/\/www.facebook.com\/ez4consultoria\/\" \/>\n<meta property=\"article:modified_time\" content=\"2024-07-05T14:46:58+00:00\" \/>\n<meta property=\"og:image\" content=\"https:\/\/www.ez4.com.br\/wp-content\/uploads\/2022\/05\/linha-amarela.png\" \/>\n<meta name=\"twitter:card\" content=\"summary_large_image\" \/>\n<meta name=\"twitter:label1\" content=\"Est. tempo de leitura\" \/>\n\t<meta name=\"twitter:data1\" content=\"1 minuto\" \/>\n<script type=\"application\/ld+json\" class=\"yoast-schema-graph\">{\"@context\":\"https:\/\/schema.org\",\"@graph\":[{\"@type\":\"WebPage\",\"@id\":\"https:\/\/www.ez4.com.br\/fale-conosco\/\",\"url\":\"https:\/\/www.ez4.com.br\/fale-conosco\/\",\"name\":\"Fale conosco - BOA Digital\",\"isPartOf\":{\"@id\":\"https:\/\/www.ez4.com.br\/#website\"},\"primaryImageOfPage\":{\"@id\":\"https:\/\/www.ez4.com.br\/fale-conosco\/#primaryimage\"},\"image\":{\"@id\":\"https:\/\/www.ez4.com.br\/fale-conosco\/#primaryimage\"},\"thumbnailUrl\":\"https:\/\/www.ez4.com.br\/wp-content\/uploads\/2022\/05\/linha-amarela.png\",\"datePublished\":\"2019-11-25T12:48:07+00:00\",\"dateModified\":\"2024-07-05T14:46:58+00:00\",\"description\":\"Quer melhorar a performance do seu neg\u00f3cio? Ent\u00e3o, fale conosco! Informe seus dados no formul\u00e1rio e d\u00ea o pr\u00f3ximo passo nas suas estrat\u00e9gias.\",\"breadcrumb\":{\"@id\":\"https:\/\/www.ez4.com.br\/fale-conosco\/#breadcrumb\"},\"inLanguage\":\"pt-BR\",\"potentialAction\":[{\"@type\":\"ReadAction\",\"target\":[\"https:\/\/www.ez4.com.br\/fale-conosco\/\"]}]},{\"@type\":\"ImageObject\",\"inLanguage\":\"pt-BR\",\"@id\":\"https:\/\/www.ez4.com.br\/fale-conosco\/#primaryimage\",\"url\":\"https:\/\/www.ez4.com.br\/wp-content\/uploads\/2022\/05\/linha-amarela.png\",\"contentUrl\":\"https:\/\/www.ez4.com.br\/wp-content\/uploads\/2022\/05\/linha-amarela.png\"},{\"@type\":\"BreadcrumbList\",\"@id\":\"https:\/\/www.ez4.com.br\/fale-conosco\/#breadcrumb\",\"itemListElement\":[{\"@type\":\"ListItem\",\"position\":1,\"name\":\"In\u00edcio\",\"item\":\"https:\/\/www.ez4.com.br\/pt_br\/\"},{\"@type\":\"ListItem\",\"position\":2,\"name\":\"Fale conosco\"}]},{\"@type\":\"WebSite\",\"@id\":\"https:\/\/www.ez4.com.br\/#website\",\"url\":\"https:\/\/www.ez4.com.br\/\",\"name\":\"BOA Digital\",\"description\":\"Solu\u00e7\u00f5es inteligentes em TI\",\"publisher\":{\"@id\":\"https:\/\/www.ez4.com.br\/#organization\"},\"potentialAction\":[{\"@type\":\"SearchAction\",\"target\":{\"@type\":\"EntryPoint\",\"urlTemplate\":\"https:\/\/www.ez4.com.br\/?s={search_term_string}\"},\"query-input\":{\"@type\":\"PropertyValueSpecification\",\"valueRequired\":true,\"valueName\":\"search_term_string\"}}],\"inLanguage\":\"pt-BR\"},{\"@type\":\"Organization\",\"@id\":\"https:\/\/www.ez4.com.br\/#organization\",\"name\":\"EZ4 Consultoria - Consultoria Totvs\",\"url\":\"https:\/\/www.ez4.com.br\/\",\"logo\":{\"@type\":\"ImageObject\",\"inLanguage\":\"pt-BR\",\"@id\":\"https:\/\/www.ez4.com.br\/#\/schema\/logo\/image\/\",\"url\":\"https:\/\/www.ez4.com.br\/wp-content\/uploads\/2020\/07\/Assinatura_EZ4_03.png\",\"contentUrl\":\"https:\/\/www.ez4.com.br\/wp-content\/uploads\/2020\/07\/Assinatura_EZ4_03.png\",\"width\":182,\"height\":103,\"caption\":\"EZ4 Consultoria - Consultoria Totvs\"},\"image\":{\"@id\":\"https:\/\/www.ez4.com.br\/#\/schema\/logo\/image\/\"},\"sameAs\":[\"https:\/\/www.facebook.com\/ez4consultoria\/\",\"https:\/\/www.instagram.com\/ez4.consultoria\/\",\"https:\/\/www.linkedin.com\/company\/ez4\/\",\"https:\/\/www.youtube.com\/channel\/UCxk_wdznNJHQQH8VHLpwJ7A\"]}]}<\/script>\n<!-- \/ Yoast SEO plugin. -->","yoast_head_json":{"title":"Fale conosco - BOA Digital","description":"Quer melhorar a performance do seu neg\u00f3cio? Ent\u00e3o, fale conosco! Informe seus dados no formul\u00e1rio e d\u00ea o pr\u00f3ximo passo nas suas estrat\u00e9gias.","robots":{"index":"index","follow":"follow","max-snippet":"max-snippet:-1","max-image-preview":"max-image-preview:large","max-video-preview":"max-video-preview:-1"},"canonical":"https:\/\/www.ez4.com.br\/pt_br\/fale-conosco\/","og_locale":"pt_BR","og_type":"article","og_title":"Fale conosco - BOA Digital","og_description":"Quer melhorar a performance do seu neg\u00f3cio? Ent\u00e3o, fale conosco! Informe seus dados no formul\u00e1rio e d\u00ea o pr\u00f3ximo passo nas suas estrat\u00e9gias.","og_url":"https:\/\/www.ez4.com.br\/pt_br\/fale-conosco\/","og_site_name":"BOA Digital","article_publisher":"https:\/\/www.facebook.com\/ez4consultoria\/","article_modified_time":"2024-07-05T14:46:58+00:00","og_image":[{"url":"https:\/\/www.ez4.com.br\/wp-content\/uploads\/2022\/05\/linha-amarela.png"}],"twitter_card":"summary_large_image","twitter_misc":{"Est. tempo de leitura":"1 minuto"},"schema":{"@context":"https:\/\/schema.org","@graph":[{"@type":"WebPage","@id":"https:\/\/www.ez4.com.br\/fale-conosco\/","url":"https:\/\/www.ez4.com.br\/fale-conosco\/","name":"Fale conosco - BOA Digital","isPartOf":{"@id":"https:\/\/www.ez4.com.br\/#website"},"primaryImageOfPage":{"@id":"https:\/\/www.ez4.com.br\/fale-conosco\/#primaryimage"},"image":{"@id":"https:\/\/www.ez4.com.br\/fale-conosco\/#primaryimage"},"thumbnailUrl":"https:\/\/www.ez4.com.br\/wp-content\/uploads\/2022\/05\/linha-amarela.png","datePublished":"2019-11-25T12:48:07+00:00","dateModified":"2024-07-05T14:46:58+00:00","description":"Quer melhorar a performance do seu neg\u00f3cio? Ent\u00e3o, fale conosco! Informe seus dados no formul\u00e1rio e d\u00ea o pr\u00f3ximo passo nas suas estrat\u00e9gias.","breadcrumb":{"@id":"https:\/\/www.ez4.com.br\/fale-conosco\/#breadcrumb"},"inLanguage":"pt-BR","potentialAction":[{"@type":"ReadAction","target":["https:\/\/www.ez4.com.br\/fale-conosco\/"]}]},{"@type":"ImageObject","inLanguage":"pt-BR","@id":"https:\/\/www.ez4.com.br\/fale-conosco\/#primaryimage","url":"https:\/\/www.ez4.com.br\/wp-content\/uploads\/2022\/05\/linha-amarela.png","contentUrl":"https:\/\/www.ez4.com.br\/wp-content\/uploads\/2022\/05\/linha-amarela.png"},{"@type":"BreadcrumbList","@id":"https:\/\/www.ez4.com.br\/fale-conosco\/#breadcrumb","itemListElement":[{"@type":"ListItem","position":1,"name":"In\u00edcio","item":"https:\/\/www.ez4.com.br\/pt_br\/"},{"@type":"ListItem","position":2,"name":"Fale conosco"}]},{"@type":"WebSite","@id":"https:\/\/www.ez4.com.br\/#website","url":"https:\/\/www.ez4.com.br\/","name":"BOA Digital","description":"Solu\u00e7\u00f5es inteligentes em TI","publisher":{"@id":"https:\/\/www.ez4.com.br\/#organization"},"potentialAction":[{"@type":"SearchAction","target":{"@type":"EntryPoint","urlTemplate":"https:\/\/www.ez4.com.br\/?s={search_term_string}"},"query-input":{"@type":"PropertyValueSpecification","valueRequired":true,"valueName":"search_term_string"}}],"inLanguage":"pt-BR"},{"@type":"Organization","@id":"https:\/\/www.ez4.com.br\/#organization","name":"EZ4 Consultoria - Consultoria Totvs","url":"https:\/\/www.ez4.com.br\/","logo":{"@type":"ImageObject","inLanguage":"pt-BR","@id":"https:\/\/www.ez4.com.br\/#\/schema\/logo\/image\/","url":"https:\/\/www.ez4.com.br\/wp-content\/uploads\/2020\/07\/Assinatura_EZ4_03.png","contentUrl":"https:\/\/www.ez4.com.br\/wp-content\/uploads\/2020\/07\/Assinatura_EZ4_03.png","width":182,"height":103,"caption":"EZ4 Consultoria - Consultoria Totvs"},"image":{"@id":"https:\/\/www.ez4.com.br\/#\/schema\/logo\/image\/"},"sameAs":["https:\/\/www.facebook.com\/ez4consultoria\/","https:\/\/www.instagram.com\/ez4.consultoria\/","https:\/\/www.linkedin.com\/company\/ez4\/","https:\/\/www.youtube.com\/channel\/UCxk_wdznNJHQQH8VHLpwJ7A"]}]}},"amp_enabled":true,"_links":{"self":[{"href":"https:\/\/www.ez4.com.br\/pt_br\/wp-json\/wp\/v2\/pages\/5879"}],"collection":[{"href":"https:\/\/www.ez4.com.br\/pt_br\/wp-json\/wp\/v2\/pages"}],"about":[{"href":"https:\/\/www.ez4.com.br\/pt_br\/wp-json\/wp\/v2\/types\/page"}],"author":[{"embeddable":true,"href":"https:\/\/www.ez4.com.br\/pt_br\/wp-json\/wp\/v2\/users\/4"}],"replies":[{"embeddable":true,"href":"https:\/\/www.ez4.com.br\/pt_br\/wp-json\/wp\/v2\/comments?post=5879"}],"version-history":[{"count":113,"href":"https:\/\/www.ez4.com.br\/pt_br\/wp-json\/wp\/v2\/pages\/5879\/revisions"}],"predecessor-version":[{"id":21268,"href":"https:\/\/www.ez4.com.br\/pt_br\/wp-json\/wp\/v2\/pages\/5879\/revisions\/21268"}],"wp:attachment":[{"href":"https:\/\/www.ez4.com.br\/pt_br\/wp-json\/wp\/v2\/media?parent=5879"}],"curies":[{"name":"wp","href":"https:\/\/api.w.org\/{rel}","templated":true}]}}