{"id":8195,"date":"2020-08-27T13:59:29","date_gmt":"2020-08-27T16:59:29","guid":{"rendered":"https:\/\/ez4.com.br\/?page_id=8195"},"modified":"2022-11-07T11:34:11","modified_gmt":"2022-11-07T14:34:11","slug":"agradecimento","status":"publish","type":"page","link":"https:\/\/www.ez4.com.br\/pt_br\/concur\/agradecimento\/","title":{"rendered":"agradecimento concur"},"content":{"rendered":"\t\t<div data-elementor-type=\"wp-page\" data-elementor-id=\"8195\" class=\"elementor elementor-8195\">\n\t\t\t\t\t\t<section class=\"elementor-section elementor-top-section elementor-element elementor-element-3b1adf6 elementor-section-boxed elementor-section-height-default elementor-section-height-default\" data-id=\"3b1adf6\" data-element_type=\"section\">\n\t\t\t\t\t\t<div class=\"elementor-container elementor-column-gap-default\">\n\t\t\t\t\t<div class=\"elementor-column elementor-col-100 elementor-top-column elementor-element elementor-element-e6c43d0\" data-id=\"e6c43d0\" data-element_type=\"column\" data-settings=\"{&quot;avante_ext_is_scrollme&quot;:&quot;false&quot;,&quot;avante_ext_is_smoove&quot;:&quot;false&quot;,&quot;avante_ext_is_parallax_mouse&quot;:&quot;false&quot;,&quot;avante_ext_is_infinite&quot;:&quot;false&quot;}\">\n\t\t\t<div class=\"elementor-widget-wrap elementor-element-populated\">\n\t\t\t\t\t\t<section class=\"elementor-section elementor-inner-section elementor-element elementor-element-4a3b7a3 elementor-section-boxed elementor-section-height-default elementor-section-height-default\" data-id=\"4a3b7a3\" data-element_type=\"section\">\n\t\t\t\t\t\t<div class=\"elementor-container elementor-column-gap-default\">\n\t\t\t\t\t<div class=\"elementor-column elementor-col-50 elementor-inner-column elementor-element elementor-element-162e8a4\" data-id=\"162e8a4\" data-element_type=\"column\" data-settings=\"{&quot;avante_ext_is_scrollme&quot;:&quot;false&quot;,&quot;avante_ext_is_smoove&quot;:&quot;false&quot;,&quot;avante_ext_is_parallax_mouse&quot;:&quot;false&quot;,&quot;avante_ext_is_infinite&quot;:&quot;false&quot;}\">\n\t\t\t<div class=\"elementor-widget-wrap elementor-element-populated\">\n\t\t\t\t\t\t<div class=\"elementor-element elementor-element-75dc8fa elementor-widget elementor-widget-image\" data-id=\"75dc8fa\" data-element_type=\"widget\" data-settings=\"{&quot;avante_ext_is_scrollme&quot;:&quot;false&quot;,&quot;avante_ext_is_smoove&quot;:&quot;false&quot;,&quot;avante_ext_is_parallax_mouse&quot;:&quot;false&quot;,&quot;avante_ext_is_infinite&quot;:&quot;false&quot;}\" data-widget_type=\"image.default\">\n\t\t\t\t<div class=\"elementor-widget-container\">\n\t\t\t\t\t\t\t\t\t\t\t\t\t<img decoding=\"async\" width=\"207\" height=\"88\" src=\"https:\/\/www.ez4.com.br\/wp-content\/uploads\/2020\/08\/logo-concour.png\" class=\"attachment-large size-large wp-image-7894\" alt=\"concour\" \/>\t\t\t\t\t\t\t\t\t\t\t\t\t<\/div>\n\t\t\t\t<\/div>\n\t\t\t\t\t<\/div>\n\t\t<\/div>\n\t\t\t\t<div class=\"elementor-column elementor-col-50 elementor-inner-column elementor-element elementor-element-78282b0\" data-id=\"78282b0\" data-element_type=\"column\" data-settings=\"{&quot;avante_ext_is_scrollme&quot;:&quot;false&quot;,&quot;avante_ext_is_smoove&quot;:&quot;false&quot;,&quot;avante_ext_is_parallax_mouse&quot;:&quot;false&quot;,&quot;avante_ext_is_infinite&quot;:&quot;false&quot;}\">\n\t\t\t<div class=\"elementor-widget-wrap\">\n\t\t\t\t\t\t\t<\/div>\n\t\t<\/div>\n\t\t\t\t\t<\/div>\n\t\t<\/section>\n\t\t\t\t\t<\/div>\n\t\t<\/div>\n\t\t\t\t\t<\/div>\n\t\t<\/section>\n\t\t\t\t<section class=\"elementor-section elementor-top-section elementor-element elementor-element-7fa0547 elementor-section-boxed elementor-section-height-default elementor-section-height-default\" data-id=\"7fa0547\" data-element_type=\"section\" data-settings=\"{&quot;background_background&quot;:&quot;classic&quot;}\">\n\t\t\t\t\t\t<div class=\"elementor-container elementor-column-gap-default\">\n\t\t\t\t\t<div class=\"elementor-column elementor-col-100 elementor-top-column elementor-element elementor-element-220f36c\" data-id=\"220f36c\" data-element_type=\"column\" data-settings=\"{&quot;avante_ext_is_scrollme&quot;:&quot;false&quot;,&quot;avante_ext_is_smoove&quot;:&quot;false&quot;,&quot;avante_ext_is_parallax_mouse&quot;:&quot;false&quot;,&quot;avante_ext_is_infinite&quot;:&quot;false&quot;}\">\n\t\t\t<div class=\"elementor-widget-wrap elementor-element-populated\">\n\t\t\t\t\t\t<div class=\"elementor-element elementor-element-5b30647 elementor-widget elementor-widget-heading\" data-id=\"5b30647\" data-element_type=\"widget\" data-settings=\"{&quot;avante_ext_is_scrollme&quot;:&quot;false&quot;,&quot;avante_ext_is_smoove&quot;:&quot;false&quot;,&quot;avante_ext_is_parallax_mouse&quot;:&quot;false&quot;,&quot;avante_ext_is_infinite&quot;:&quot;false&quot;}\" data-widget_type=\"heading.default\">\n\t\t\t\t<div class=\"elementor-widget-container\">\n\t\t\t<h2 class=\"elementor-heading-title elementor-size-default\"><h2 style=\", sans-serif;font-weight: 500;line-height: 42px;margin-bottom: 23px;font-size: 38px;padding-top: 10px;letter-spacing: -0.2px;font-style: normal;text-align: left\"><\/h2><h2 style=\", sans-serif;font-weight: 500;line-height: 42px;margin-bottom: 23px;font-size: 38px;padding-top: 10px;letter-spacing: -0.2px;font-style: normal\"><span style=\"font-family: Montserrat, sans-serif;font-size: 44px;font-weight: 700;letter-spacing: 0px\">Obrigado! <\/span><br><\/h2><\/h2>\t\t<\/div>\n\t\t\t\t<\/div>\n\t\t\t\t<div class=\"elementor-element elementor-element-1e0ffc4 elementor-widget elementor-widget-text-editor\" data-id=\"1e0ffc4\" data-element_type=\"widget\" data-settings=\"{&quot;avante_ext_is_scrollme&quot;:&quot;false&quot;,&quot;avante_ext_is_smoove&quot;:&quot;false&quot;,&quot;avante_ext_is_parallax_mouse&quot;:&quot;false&quot;,&quot;avante_ext_is_infinite&quot;:&quot;false&quot;}\" data-widget_type=\"text-editor.default\">\n\t\t\t\t<div class=\"elementor-widget-container\">\n\t\t\t\t\t\t\t<p style=\"text-align: center;\"><span style=\"color: #ffffff;\">Recebemos sua conex\u00e3o. <br>Em breve entraremos em contato.<\/span><\/p>\t\t\t\t\t\t<\/div>\n\t\t\t\t<\/div>\n\t\t\t\t<div class=\"elementor-element elementor-element-4e6c220 elementor-widget elementor-widget-text-editor\" data-id=\"4e6c220\" data-element_type=\"widget\" data-settings=\"{&quot;avante_ext_is_scrollme&quot;:&quot;false&quot;,&quot;avante_ext_is_smoove&quot;:&quot;false&quot;,&quot;avante_ext_is_parallax_mouse&quot;:&quot;false&quot;,&quot;avante_ext_is_infinite&quot;:&quot;false&quot;}\" data-widget_type=\"text-editor.default\">\n\t\t\t\t<div class=\"elementor-widget-container\">\n\t\t\t\t\t\t\t<p style=\"text-align: center;\"><span style=\"color: #ffffff;\"><a style=\"color: #ffffff;\" href=\"http:\/\/www.ez4.com.br\">www.ez4.com.br<\/a><\/span><\/p>\t\t\t\t\t\t<\/div>\n\t\t\t\t<\/div>\n\t\t\t\t\t<\/div>\n\t\t<\/div>\n\t\t\t\t\t<\/div>\n\t\t<\/section>\n\t\t\t\t<\/div>\n\t\t","protected":false},"excerpt":{"rendered":"","protected":false},"author":4,"featured_media":0,"parent":7878,"menu_order":0,"comment_status":"closed","ping_status":"closed","template":"elementor_canvas","meta":{"_monsterinsights_skip_tracking":false,"_monsterinsights_sitenote_active":false,"_monsterinsights_sitenote_note":"","_monsterinsights_sitenote_category":0,"footnotes":""},"yoast_head":"<!-- This site is optimized with the Yoast SEO plugin v23.5 - https:\/\/yoast.com\/wordpress\/plugins\/seo\/ -->\n<title>Agradecimento Concur\u00ae | EZ4<\/title>\n<meta name=\"description\" content=\"P\u00e1gina de agradecimento para o envio dos dados de conex\u00e3o da integra\u00e7\u00e3o entre Concur\u00ae Expense e TOTVS Protheus ERP.\" \/>\n<meta name=\"robots\" content=\"index, follow, max-snippet:-1, max-image-preview:large, max-video-preview:-1\" \/>\n<link rel=\"canonical\" href=\"https:\/\/www.ez4.com.br\/pt_br\/concur\/agradecimento\/\" \/>\n<meta property=\"og:locale\" content=\"pt_BR\" \/>\n<meta property=\"og:type\" content=\"article\" \/>\n<meta property=\"og:title\" content=\"Agradecimento Concur\u00ae | EZ4\" \/>\n<meta property=\"og:description\" content=\"P\u00e1gina de agradecimento para o envio dos dados de conex\u00e3o da integra\u00e7\u00e3o entre Concur\u00ae Expense e TOTVS Protheus ERP.\" \/>\n<meta property=\"og:url\" content=\"https:\/\/www.ez4.com.br\/pt_br\/concur\/agradecimento\/\" \/>\n<meta property=\"og:site_name\" content=\"BOA Digital\" \/>\n<meta property=\"article:publisher\" content=\"https:\/\/www.facebook.com\/ez4consultoria\/\" \/>\n<meta property=\"article:modified_time\" content=\"2022-11-07T14:34:11+00:00\" \/>\n<meta property=\"og:image\" content=\"https:\/\/www.ez4.com.br\/wp-content\/uploads\/2020\/08\/logo-concour.png\" \/>\n<meta name=\"twitter:card\" content=\"summary_large_image\" \/>\n<meta name=\"twitter:label1\" content=\"Est. tempo de leitura\" \/>\n\t<meta name=\"twitter:data1\" content=\"1 minuto\" \/>\n<script type=\"application\/ld+json\" class=\"yoast-schema-graph\">{\"@context\":\"https:\/\/schema.org\",\"@graph\":[{\"@type\":\"WebPage\",\"@id\":\"https:\/\/www.ez4.com.br\/concur\/agradecimento\/\",\"url\":\"https:\/\/www.ez4.com.br\/concur\/agradecimento\/\",\"name\":\"Agradecimento Concur\u00ae | EZ4\",\"isPartOf\":{\"@id\":\"https:\/\/www.ez4.com.br\/#website\"},\"primaryImageOfPage\":{\"@id\":\"https:\/\/www.ez4.com.br\/concur\/agradecimento\/#primaryimage\"},\"image\":{\"@id\":\"https:\/\/www.ez4.com.br\/concur\/agradecimento\/#primaryimage\"},\"thumbnailUrl\":\"https:\/\/www.ez4.com.br\/wp-content\/uploads\/2020\/08\/logo-concour.png\",\"datePublished\":\"2020-08-27T16:59:29+00:00\",\"dateModified\":\"2022-11-07T14:34:11+00:00\",\"description\":\"P\u00e1gina de agradecimento para o envio dos dados de conex\u00e3o da integra\u00e7\u00e3o entre Concur\u00ae Expense e TOTVS Protheus ERP.\",\"breadcrumb\":{\"@id\":\"https:\/\/www.ez4.com.br\/concur\/agradecimento\/#breadcrumb\"},\"inLanguage\":\"pt-BR\",\"potentialAction\":[{\"@type\":\"ReadAction\",\"target\":[\"https:\/\/www.ez4.com.br\/concur\/agradecimento\/\"]}]},{\"@type\":\"ImageObject\",\"inLanguage\":\"pt-BR\",\"@id\":\"https:\/\/www.ez4.com.br\/concur\/agradecimento\/#primaryimage\",\"url\":\"https:\/\/www.ez4.com.br\/wp-content\/uploads\/2020\/08\/logo-concour.png\",\"contentUrl\":\"https:\/\/www.ez4.com.br\/wp-content\/uploads\/2020\/08\/logo-concour.png\"},{\"@type\":\"BreadcrumbList\",\"@id\":\"https:\/\/www.ez4.com.br\/concur\/agradecimento\/#breadcrumb\",\"itemListElement\":[{\"@type\":\"ListItem\",\"position\":1,\"name\":\"In\u00edcio\",\"item\":\"https:\/\/www.ez4.com.br\/pt_br\/\"},{\"@type\":\"ListItem\",\"position\":2,\"name\":\"Concur pt\",\"item\":\"https:\/\/www.ez4.com.br\/concur\/\"},{\"@type\":\"ListItem\",\"position\":3,\"name\":\"agradecimento concur\"}]},{\"@type\":\"WebSite\",\"@id\":\"https:\/\/www.ez4.com.br\/#website\",\"url\":\"https:\/\/www.ez4.com.br\/\",\"name\":\"BOA Digital\",\"description\":\"Solu\u00e7\u00f5es inteligentes em TI\",\"publisher\":{\"@id\":\"https:\/\/www.ez4.com.br\/#organization\"},\"potentialAction\":[{\"@type\":\"SearchAction\",\"target\":{\"@type\":\"EntryPoint\",\"urlTemplate\":\"https:\/\/www.ez4.com.br\/?s={search_term_string}\"},\"query-input\":{\"@type\":\"PropertyValueSpecification\",\"valueRequired\":true,\"valueName\":\"search_term_string\"}}],\"inLanguage\":\"pt-BR\"},{\"@type\":\"Organization\",\"@id\":\"https:\/\/www.ez4.com.br\/#organization\",\"name\":\"EZ4 Consultoria - Consultoria Totvs\",\"url\":\"https:\/\/www.ez4.com.br\/\",\"logo\":{\"@type\":\"ImageObject\",\"inLanguage\":\"pt-BR\",\"@id\":\"https:\/\/www.ez4.com.br\/#\/schema\/logo\/image\/\",\"url\":\"https:\/\/www.ez4.com.br\/wp-content\/uploads\/2020\/07\/Assinatura_EZ4_03.png\",\"contentUrl\":\"https:\/\/www.ez4.com.br\/wp-content\/uploads\/2020\/07\/Assinatura_EZ4_03.png\",\"width\":182,\"height\":103,\"caption\":\"EZ4 Consultoria - Consultoria Totvs\"},\"image\":{\"@id\":\"https:\/\/www.ez4.com.br\/#\/schema\/logo\/image\/\"},\"sameAs\":[\"https:\/\/www.facebook.com\/ez4consultoria\/\",\"https:\/\/www.instagram.com\/ez4.consultoria\/\",\"https:\/\/www.linkedin.com\/company\/ez4\/\",\"https:\/\/www.youtube.com\/channel\/UCxk_wdznNJHQQH8VHLpwJ7A\"]}]}<\/script>\n<!-- \/ Yoast SEO plugin. -->","yoast_head_json":{"title":"Agradecimento Concur\u00ae | EZ4","description":"P\u00e1gina de agradecimento para o envio dos dados de conex\u00e3o da integra\u00e7\u00e3o entre Concur\u00ae Expense e TOTVS Protheus ERP.","robots":{"index":"index","follow":"follow","max-snippet":"max-snippet:-1","max-image-preview":"max-image-preview:large","max-video-preview":"max-video-preview:-1"},"canonical":"https:\/\/www.ez4.com.br\/pt_br\/concur\/agradecimento\/","og_locale":"pt_BR","og_type":"article","og_title":"Agradecimento Concur\u00ae | EZ4","og_description":"P\u00e1gina de agradecimento para o envio dos dados de conex\u00e3o da integra\u00e7\u00e3o entre Concur\u00ae Expense e TOTVS Protheus ERP.","og_url":"https:\/\/www.ez4.com.br\/pt_br\/concur\/agradecimento\/","og_site_name":"BOA Digital","article_publisher":"https:\/\/www.facebook.com\/ez4consultoria\/","article_modified_time":"2022-11-07T14:34:11+00:00","og_image":[{"url":"https:\/\/www.ez4.com.br\/wp-content\/uploads\/2020\/08\/logo-concour.png"}],"twitter_card":"summary_large_image","twitter_misc":{"Est. tempo de leitura":"1 minuto"},"schema":{"@context":"https:\/\/schema.org","@graph":[{"@type":"WebPage","@id":"https:\/\/www.ez4.com.br\/concur\/agradecimento\/","url":"https:\/\/www.ez4.com.br\/concur\/agradecimento\/","name":"Agradecimento Concur\u00ae | EZ4","isPartOf":{"@id":"https:\/\/www.ez4.com.br\/#website"},"primaryImageOfPage":{"@id":"https:\/\/www.ez4.com.br\/concur\/agradecimento\/#primaryimage"},"image":{"@id":"https:\/\/www.ez4.com.br\/concur\/agradecimento\/#primaryimage"},"thumbnailUrl":"https:\/\/www.ez4.com.br\/wp-content\/uploads\/2020\/08\/logo-concour.png","datePublished":"2020-08-27T16:59:29+00:00","dateModified":"2022-11-07T14:34:11+00:00","description":"P\u00e1gina de agradecimento para o envio dos dados de conex\u00e3o da integra\u00e7\u00e3o entre Concur\u00ae Expense e TOTVS Protheus ERP.","breadcrumb":{"@id":"https:\/\/www.ez4.com.br\/concur\/agradecimento\/#breadcrumb"},"inLanguage":"pt-BR","potentialAction":[{"@type":"ReadAction","target":["https:\/\/www.ez4.com.br\/concur\/agradecimento\/"]}]},{"@type":"ImageObject","inLanguage":"pt-BR","@id":"https:\/\/www.ez4.com.br\/concur\/agradecimento\/#primaryimage","url":"https:\/\/www.ez4.com.br\/wp-content\/uploads\/2020\/08\/logo-concour.png","contentUrl":"https:\/\/www.ez4.com.br\/wp-content\/uploads\/2020\/08\/logo-concour.png"},{"@type":"BreadcrumbList","@id":"https:\/\/www.ez4.com.br\/concur\/agradecimento\/#breadcrumb","itemListElement":[{"@type":"ListItem","position":1,"name":"In\u00edcio","item":"https:\/\/www.ez4.com.br\/pt_br\/"},{"@type":"ListItem","position":2,"name":"Concur pt","item":"https:\/\/www.ez4.com.br\/concur\/"},{"@type":"ListItem","position":3,"name":"agradecimento concur"}]},{"@type":"WebSite","@id":"https:\/\/www.ez4.com.br\/#website","url":"https:\/\/www.ez4.com.br\/","name":"BOA Digital","description":"Solu\u00e7\u00f5es inteligentes em TI","publisher":{"@id":"https:\/\/www.ez4.com.br\/#organization"},"potentialAction":[{"@type":"SearchAction","target":{"@type":"EntryPoint","urlTemplate":"https:\/\/www.ez4.com.br\/?s={search_term_string}"},"query-input":{"@type":"PropertyValueSpecification","valueRequired":true,"valueName":"search_term_string"}}],"inLanguage":"pt-BR"},{"@type":"Organization","@id":"https:\/\/www.ez4.com.br\/#organization","name":"EZ4 Consultoria - Consultoria Totvs","url":"https:\/\/www.ez4.com.br\/","logo":{"@type":"ImageObject","inLanguage":"pt-BR","@id":"https:\/\/www.ez4.com.br\/#\/schema\/logo\/image\/","url":"https:\/\/www.ez4.com.br\/wp-content\/uploads\/2020\/07\/Assinatura_EZ4_03.png","contentUrl":"https:\/\/www.ez4.com.br\/wp-content\/uploads\/2020\/07\/Assinatura_EZ4_03.png","width":182,"height":103,"caption":"EZ4 Consultoria - Consultoria Totvs"},"image":{"@id":"https:\/\/www.ez4.com.br\/#\/schema\/logo\/image\/"},"sameAs":["https:\/\/www.facebook.com\/ez4consultoria\/","https:\/\/www.instagram.com\/ez4.consultoria\/","https:\/\/www.linkedin.com\/company\/ez4\/","https:\/\/www.youtube.com\/channel\/UCxk_wdznNJHQQH8VHLpwJ7A"]}]}},"amp_enabled":false,"_links":{"self":[{"href":"https:\/\/www.ez4.com.br\/pt_br\/wp-json\/wp\/v2\/pages\/8195"}],"collection":[{"href":"https:\/\/www.ez4.com.br\/pt_br\/wp-json\/wp\/v2\/pages"}],"about":[{"href":"https:\/\/www.ez4.com.br\/pt_br\/wp-json\/wp\/v2\/types\/page"}],"author":[{"embeddable":true,"href":"https:\/\/www.ez4.com.br\/pt_br\/wp-json\/wp\/v2\/users\/4"}],"replies":[{"embeddable":true,"href":"https:\/\/www.ez4.com.br\/pt_br\/wp-json\/wp\/v2\/comments?post=8195"}],"version-history":[{"count":18,"href":"https:\/\/www.ez4.com.br\/pt_br\/wp-json\/wp\/v2\/pages\/8195\/revisions"}],"predecessor-version":[{"id":17187,"href":"https:\/\/www.ez4.com.br\/pt_br\/wp-json\/wp\/v2\/pages\/8195\/revisions\/17187"}],"up":[{"embeddable":true,"href":"https:\/\/www.ez4.com.br\/pt_br\/wp-json\/wp\/v2\/pages\/7878"}],"wp:attachment":[{"href":"https:\/\/www.ez4.com.br\/pt_br\/wp-json\/wp\/v2\/media?parent=8195"}],"curies":[{"name":"wp","href":"https:\/\/api.w.org\/{rel}","templated":true}]}}